{"id":5796,"date":"2024-09-26T12:11:34","date_gmt":"2024-09-26T03:11:34","guid":{"rendered":"https:\/\/www.arkray-aution-portal.com\/?page_id=5796"},"modified":"2024-10-18T17:26:22","modified_gmt":"2024-10-18T08:26:22","slug":"past-events","status":"publish","type":"page","link":"https:\/\/www.arkray-aution-portal.com\/vi\/events\/past-events\/","title":{"rendered":"C\u00e1c s\u1ef1 ki\u1ec7n \u0111\u00e3 qua"},"content":{"rendered":"<div class=\"wp-block-group alignfull banner gutenify-section-3c1aebb0-7be1-11ef-bd7a-c11f76b27f00 has-background is-layout-constrained wp-container-core-group-is-layout-12243e0f wp-block-group-is-layout-constrained\" style=\"background-color:#6e6e6e\">\n<div class=\"wp-block-uagb-advanced-heading uagb-block-065b6d5c banner-title gutenify-section-64d25a20-7be1-11ef-bd7a-c11f76b27f00\"><h2 class=\"uagb-heading-text\">C\u00e1c s\u1ef1 ki\u1ec7n \u0111\u00e3 qua<\/h2><\/div>\n\n\n\n<div class=\"wp-block-uagb-advanced-heading uagb-block-1fe51e27 header-heading gutenify-section-5bfadd00-7be1-11ef-bd7a-c11f76b27f00\"><h2 class=\"uagb-heading-text\"><a href=\"https:\/\/www.arkray-aution-portal.com\/vi\/\" data-type=\"page\" data-id=\"69\"><span style=\"text-decoration: underline;\">Trang ch\u1ee7<\/span><\/a> > <a href=\"https:\/\/www.arkray-aution-portal.com\/vi\/events\/\" data-type=\"page\" data-id=\"2087\"><span style=\"text-decoration: underline;\">S\u1ef1 ki\u1ec7n<\/span><\/a> &gt; C\u00e1c s\u1ef1 ki\u1ec7n \u0111\u00e3 di\u1ec5n ra<\/h2><\/div>\n<\/div>\n\n\n\n<div class=\"wp-block-group alignfull gutenify-section-8e1f2a70-6c2d-11ef-b9ab-b98883f12ae2 is-layout-constrained wp-container-core-group-is-layout-eb9b2c53 wp-block-group-is-layout-constrained\" style=\"padding-right:0%;padding-left:0%\">\n<div class=\"wp-block-group alignfull gutenify-section-0e95b650-6c2f-11ef-b9ab-b98883f12ae2 is-layout-constrained wp-block-group-is-layout-constrained\" style=\"padding-top:2%;padding-bottom:0%\">\n<div class=\"wp-block-group alignfull gutenify-section-4d699d30-6c2d-11ef-b9ab-b98883f12ae2 is-content-justification-space-between is-layout-flex wp-container-core-group-is-layout-a7415d94 wp-block-group-is-layout-flex\" style=\"padding-right:10%;padding-left:10%\">\n<h2 class=\"wp-block-heading alignfull has-text-align-center gutenify-section-8ee221c0-6c2c-11ef-b9ab-b98883f12ae2 has-foreground-color has-text-color has-link-color wp-elements-50a2136476e6ce0f199c9d3d452efbaf\" style=\"font-size:42px\">C\u00e1c s\u1ef1 ki\u1ec7n \u0111\u00e3 qua<\/h2>\n<\/div>\n<\/div>\n\n\n\n<div class=\"wp-block-group alignfull acad-paper gutenify-section-a7d383d0-6692-11ef-acce-ad9d0cfdbf5d is-layout-constrained wp-container-core-group-is-layout-4f08343a wp-block-group-is-layout-constrained\" style=\"padding-right:10%;padding-bottom:3%;padding-left:10%\"><div class='past-event-carousel'><div class='past-event-item'><a href='https:\/\/www.arkray-aution-portal.com\/vi\/the-updated-eflm-european-urinalysis-guideline-particles-in-the-picture\/' class='text-decoration-none'><div class='past-event-image'><img src='https:\/\/www.arkray-aution-portal.com\/wp-content\/uploads\/2026\/03\/\u30c0\u30a6\u30f3\u30ed\u30fc\u30c9.jpg' class='past-event-img'><\/div><div class='past-event-title fw-bold text-dark single-line'>H\u01b0\u1edbng d\u1eabn ph\u00e2n t\u00edch n\u01b0\u1edbc ti\u1ec3u ch\u00e2u \u00c2u c\u1eadp nh\u1eadt c\u1ee7a EFLM: c\u00e1c h\u1ea1t trong h\u00ecnh \u1ea3nh!<\/div><\/a><div class='past-event-categories'><p class=\"past-event-category\" style=\"border-radius:5px; color:white; padding: 5px 10px; text-align:center; margin: 5px 10px 5px 0px; background-color: #D17858;\"><span>H\u1ed9i th\u1ea3o tr\u1ef1c tuy\u1ebfn<\/span><\/p><\/div><div class='past-event-date'>Ng\u00e0y 24 th\u00e1ng 10 n\u0103m 2024<\/div><div class='past-event-excerpt overflow-ellipsis'>Di\u1ec5n gi\u1ea3: Ti\u1ebfn s\u0129 Matthijs Oyaert. H\u1ed9i th\u1ea3o tr\u1ef1c tuy\u1ebfn n\u00e0y gi\u1ea3i th\u00edch c\u00e1c khuy\u1ebfn ngh\u1ecb ch\u00ednh t\u1eeb H\u01b0\u1edbng d\u1eabn ph\u00e2n t\u00edch n\u01b0\u1edbc ti\u1ec3u ch\u00e2u \u00c2u c\u1eadp nh\u1eadt c\u1ee7a EFLM, t\u1eadp trung v\u00e0o ph\u00e2n t\u00edch c\u00e1c h\u1ea1t trong n\u01b0\u1edbc ti\u1ec3u v\u00e0 t\u1ea7m quan tr\u1ecdng c\u1ee7a c\u00e1c quy tr\u00ecnh nh\u1eadn d\u1ea1ng v\u00e0 \u0111\u1ecbnh l\u01b0\u1ee3ng ti\u00eau chu\u1ea9n h\u00f3a.<\/div><\/div><div class='pagination'><\/div><\/div><style>\n                    .past-event-carousel {\n                        display: grid;\n                        grid-template-columns: repeat(4, 1fr); \/* 4 items per row *\/\n                        grid-gap: 20px; \/* Space between items *\/\n                        padding: 20px 0;\n                    }\n\n                    .past-event-carousel::-webkit-scrollbar {\n                        display: none;\n                    }\n\n                    .past-event-item {\n                        width: auto;\n                        min-width: 250px;\n                        box-sizing: border-box;\n                        padding: 10px;\n                        border-radius: 10px;\n                    }\n\n                    .past-event-image {\n                        display: flex;\n                        justify-content: center;\n                        height: 250px;\n                        width: auto;\n                        overflow: hidden;\n                        border-radius: 15px;\n                    }\n\n                    .past-event-image img {\n                        height: 100%;\n                        object-fit: fill;\n                        border-radius: 15px;\n                    }\n\n                    .past-event-title {\n                        font-size: 22px;\n                        font-weight: bold;\n                        margin: 10px 0;\n                        line-height: 1.3;\n                    }\n\n                    .past-event-categories {\n                        display: flex;\n                        flex-wrap: wrap;\n                        gap: 5px;\n                        margin-bottom: 10px;\n                    }\n\n                    .past-event-category {\n                        display: inline-block;\n                        font-size: 15px;\n                        border-radius: 5px;\n                        padding: 2px 8px;\n                        background-color: #f0f0f0;\n                        color: #333;\n                    }\n\n                    .past-event-date, .past-event-excerpt {\n                        font-size: 15px;\n                        margin-bottom: 8px;\n                        color: #666;\n                    }\n\n                    .event-tag {\n                        text-decoration: underline;\n                        font-size: 15px;\n                        margin-right: 1rem;\n                        margin-bottom: 0.5rem;\n                        transition: color 0.3s ease;\n                        text-decoration-color: #8AB1CD;\n                    }\n\n                    .past-event-tags {\n                        display: flex;\n                        flex-wrap: wrap;\n                        margin-top: 10px;\n                    }\n\n                    .past-event-tag {\n                        font-size: 15px;\n                        color: #8AB1CD;\n                        text-decoration: underline;\n                        padding: 2px 8px;\n                        border-radius: 15px;\n                    }\n\n                    .event-tag:hover {\n                        text-decoration: none;\n                    }\n\n                    .pagination {\n                        text-align: center;\n                        margin-top: 20px;\n                    }\n\n                    .pagination a {\n                        padding: 10px 20px;\n                        margin: 0 5px;\n                        border: 1px solid #ddd;\n                        text-decoration: none;\n                        color: #333;\n                    }\n\n                    .pagination .current {\n                        background-color: #0073e6;\n                        color: white;\n                    }\n                <\/style>\n<\/div>\n<\/div>","protected":false},"excerpt":{"rendered":"<p>Past Events Home > Events > Past Events Past Events<\/p>","protected":false},"author":1,"featured_media":7338,"parent":2087,"menu_order":0,"comment_status":"closed","ping_status":"closed","template":"page-no-title","meta":{"_acf_changed":false,"_eb_attr":"","_oasis_is_in_workflow":0,"_oasis_original":0,"_uag_custom_page_level_css":".banner{\n\tmargin: 7% 0 0% 0!important;\n\tpadding: 0!important;\n\tposition: relative;\n\theight: 250px;\n}\n\n.banner-title{\n\tposition: absolute;\n\twidth: 100%;\n\ttop: 0;\n\tleft: 0;\n\tright: 0;\n\tbottom: 20%;\n\tdisplay: flex;\n\tjustify-content: center;\n\talign-items: center;\n}\n\n.header-heading{\n\tposition: absolute;\n\twidth: 100%;\n\tbottom: 10%;\n\tleft: 0;\n\tright: 0;\n}\n\n.header-heading span:hover{\n\ttext-decoration: none!important;\n}\n\n.overflow-ellipsis{\n\tdisplay: -webkit-box;\n\t-webkit-line-clamp: 3;\n\t-webkit-box-orient: vertical;\n\toverflow: hidden;\n\ttext-overflow: ellipsis;\n\tmax-height: calc(3 * 3.2em);\n}\n\n@media (max-width: 1222px){\n\t.article-banner {\n\t\tmargin-top: 15%!important;\n\t}\n}\n\n@media (max-width: 723px){\n\t.article-banner {\n\t\tmargin-top: 25%!important;\n\t}\n}\n","footnotes":""},"categories":[46,53],"tags":[],"class_list":["post-5796","page","type-page","status-publish","has-post-thumbnail","hentry","category-events","category-past"],"acf":[],"uagb_featured_image_src":{"full":["https:\/\/www.arkray-aution-portal.com\/wp-content\/uploads\/2024\/12\/no-image-available.jpg",360,360,false],"thumbnail":["https:\/\/www.arkray-aution-portal.com\/wp-content\/uploads\/2024\/12\/no-image-available-150x150.jpg",150,150,true],"medium":["https:\/\/www.arkray-aution-portal.com\/wp-content\/uploads\/2024\/12\/no-image-available-300x300.jpg",300,300,true],"medium_large":["https:\/\/www.arkray-aution-portal.com\/wp-content\/uploads\/2024\/12\/no-image-available.jpg",360,360,false],"large":["https:\/\/www.arkray-aution-portal.com\/wp-content\/uploads\/2024\/12\/no-image-available.jpg",360,360,false],"1536x1536":["https:\/\/www.arkray-aution-portal.com\/wp-content\/uploads\/2024\/12\/no-image-available.jpg",360,360,false],"2048x2048":["https:\/\/www.arkray-aution-portal.com\/wp-content\/uploads\/2024\/12\/no-image-available.jpg",360,360,false],"trp-custom-language-flag":["https:\/\/www.arkray-aution-portal.com\/wp-content\/uploads\/2024\/12\/no-image-available-12x12.jpg",12,12,true]},"uagb_author_info":{"display_name":"XOO-Admin","author_link":"https:\/\/www.arkray-aution-portal.com\/vi\/author\/xoo-admin\/"},"uagb_comment_info":0,"uagb_excerpt":"Past Events Home > Events > Past Events Past Events","_links":{"self":[{"href":"https:\/\/www.arkray-aution-portal.com\/vi\/wp-json\/wp\/v2\/pages\/5796","targetHints":{"allow":["GET"]}}],"collection":[{"href":"https:\/\/www.arkray-aution-portal.com\/vi\/wp-json\/wp\/v2\/pages"}],"about":[{"href":"https:\/\/www.arkray-aution-portal.com\/vi\/wp-json\/wp\/v2\/types\/page"}],"author":[{"embeddable":true,"href":"https:\/\/www.arkray-aution-portal.com\/vi\/wp-json\/wp\/v2\/users\/1"}],"replies":[{"embeddable":true,"href":"https:\/\/www.arkray-aution-portal.com\/vi\/wp-json\/wp\/v2\/comments?post=5796"}],"version-history":[{"count":16,"href":"https:\/\/www.arkray-aution-portal.com\/vi\/wp-json\/wp\/v2\/pages\/5796\/revisions"}],"predecessor-version":[{"id":6534,"href":"https:\/\/www.arkray-aution-portal.com\/vi\/wp-json\/wp\/v2\/pages\/5796\/revisions\/6534"}],"up":[{"embeddable":true,"href":"https:\/\/www.arkray-aution-portal.com\/vi\/wp-json\/wp\/v2\/pages\/2087"}],"wp:featuredmedia":[{"embeddable":true,"href":"https:\/\/www.arkray-aution-portal.com\/vi\/wp-json\/wp\/v2\/media\/7338"}],"wp:attachment":[{"href":"https:\/\/www.arkray-aution-portal.com\/vi\/wp-json\/wp\/v2\/media?parent=5796"}],"wp:term":[{"taxonomy":"category","embeddable":true,"href":"https:\/\/www.arkray-aution-portal.com\/vi\/wp-json\/wp\/v2\/categories?post=5796"},{"taxonomy":"post_tag","embeddable":true,"href":"https:\/\/www.arkray-aution-portal.com\/vi\/wp-json\/wp\/v2\/tags?post=5796"}],"curies":[{"name":"wp","href":"https:\/\/api.w.org\/{rel}","templated":true}]}}